{"id":12,"date":"2026-04-03T21:51:56","date_gmt":"2026-04-03T21:51:56","guid":{"rendered":"https:\/\/cxl.226.mytemp.website\/?page_id=12"},"modified":"2026-04-03T22:37:21","modified_gmt":"2026-04-03T22:37:21","slug":"about-us","status":"publish","type":"page","link":"https:\/\/bellezasocial.com\/es\/about-us\/","title":{"rendered":"Sobre Nosotros"},"content":{"rendered":"<p>Belleza Social es una organizaci\u00f3n registrada el 30 de agosto de 2013 en el estado de Florida, Estados Unidos.<\/p>\n\n\n\n<p>La organizaci\u00f3n y administraci\u00f3n est\u00e1n dirigidas por su Directora Ejecutiva, Catherine Lynch D., quien ha decidido compartir su sue\u00f1o con la sociedad: sembrar principios y valores en un mundo que cada vez los necesita m\u00e1s, contribuyendo a hacer del mundo un mejor lugar para vivir.<\/p>\n\n\n\n<p>Somos ciudadanos conscientes de nuestra responsabilidad con nuestras familias, con la sociedad en la que vivimos y con nosotros mismos. Tambi\u00e9n somos conscientes del deterioro social causado por el distanciamiento de los valores y de los principios o mandamientos necesarios para la convivencia humana en la b\u00fasqueda del bien com\u00fan. Creemos firmemente que el AMOR, a trav\u00e9s de la pr\u00e1ctica de buenos valores, es el punto de equilibrio para la convivencia pac\u00edfica del individuo y, a trav\u00e9s de este, de la familia, de cualquier comunidad o grupo social<\/p>\n\n\n\n<p>A trav\u00e9s de la decisi\u00f3n de amar mediante la siembra de buenos valores para no da\u00f1ar a los dem\u00e1s, invitamos a la reflexi\u00f3n y a la autoevaluaci\u00f3n, con el fin de realizar los cambios necesarios para transformar la sociedad, por nuestro futuro y el de las nuevas generaciones.<\/p>\n\n\n\n<figure class=\"wp-block-image size-full\"><img loading=\"lazy\" decoding=\"async\" width=\"720\" height=\"535\" src=\"https:\/\/cxl.226.mytemp.website\/wp-content\/uploads\/2026\/04\/Catherine-.jpg\" alt=\"\" class=\"wp-image-17\" srcset=\"https:\/\/bellezasocial.com\/wp-content\/uploads\/2026\/04\/Catherine-.jpg 720w, https:\/\/bellezasocial.com\/wp-content\/uploads\/2026\/04\/Catherine--600x446.jpg 600w, https:\/\/bellezasocial.com\/wp-content\/uploads\/2026\/04\/Catherine--300x223.jpg 300w\" sizes=\"auto, (max-width: 720px) 100vw, 720px\" \/><\/figure>\n\n\n\n<h2 class=\"wp-block-heading\"><br>Nuestra Misi\u00f3n <\/h2>\n\n\n\n<p>Llevar mensajes positivos (principios y buenos valores) a un mundo que cada vez los necesita m\u00e1s, promoviendo al mismo tiempo el desarrollo personal y profesional de sus miembros, contribuyendo al cambio individual que genera un beneficio colectivo, creando una marca con un nuevo concepto basado en algo antiguo, utilizando productos de calidad a precios accesibles.<\/p>\n\n\n\n<hr class=\"wp-block-separator has-alpha-channel-opacity\"\/>\n\n\n\n<h2 class=\"wp-block-heading\"><br>Nuestra Visi\u00f3n <\/h2>\n\n\n\n<p><br>A trav\u00e9s de la siembra de buenos principios y valores, hacer del mundo un mejor lugar para vivir y posicionar la marca Belleza Social\n en diferentes idiomas y pa\u00edses, diversificando sus productos y siendo reconocida por su calidad y contribuci\u00f3n a la sociedad.<\/p>\n\n\n\n<h2 class=\"wp-block-heading\"><br>Nuestro Objetivo <\/h2>\n\n\n\n<p><br>Informar sobre la existencia de la marca Belleza Social para que el p\u00fablico conozca sus beneficios, calidad, creatividad y propuestas para diferentes temporadas.\n\nSe caracteriza por tener una identidad propia, con un mensaje que busca posicionarse en la preferencia del mercado, satisfaciendo necesidades y evolucionando junto con \u00e9l. De esta manera, Belleza Social se diferencia de sus competidores y fortalece el prestigio de su marca.<\/p>\n\n\n\n<h2 class=\"wp-block-heading\"><br>Nuestros Valores <\/h2>\n\n\n\n<p><br>La pr\u00e1ctica de la honestidad en nuestras acciones y palabras, brindando servicio con responsabilidad, eficiencia y amor por nuestro trabajo, dando siempre lo mejor de nosotros, creando productos de calidad y ofreciendo un excelente servicio, buscando siempre la satisfacci\u00f3n y la excelencia.<\/p>\n\n\n\n<h2 class=\"wp-block-heading\"><br>Nuestra Motivaci\u00f3n y el Origen de Belleza Social<\/h2>\n\n\n\n<p>Para algunos, el nombre Belleza Social\npuede sonar superficial; para otros, profundo; para algunos, confuso; y para otros, simplemente hermoso o tierno.<\/p>\n\n\n\n<p>Para m\u00ed, representa el significado y la pieza faltante del rompecabezas de cada uno de los dones que Dios me ha dado a lo largo de mi vida. Muchos de ellos no los entend\u00eda en ese momento e incluso los ve\u00eda como perturbaciones, pero eran parte de una preparaci\u00f3n para que hoy pueda compartir una experiencia de vida y brindar herramientas a quienes las necesiten, ayud\u00e1ndoles a encontrar un equilibrio entre el esp\u00edritu (ser), la mente (ciencia) y el cuerpo (acci\u00f3n), contribuyendo a su bienestar y al de quienes los rodean, es decir, al bienestar colectivo: lograr una mejor sociedad (Belleza Social).<\/p>\n\n\n\n<p>Mi atracci\u00f3n por la est\u00e9tica comenz\u00f3 desde que tengo memoria (maquillaje, peinados, vestimenta, etc.), llamando mi atenci\u00f3n el equilibrio y la armon\u00eda en las personas (hombres y mujeres), lo cual se convirti\u00f3 en la introducci\u00f3n al prop\u00f3sito de mi vida.<\/p>\n\n\n\n<p>Al mismo tiempo, viv\u00ed rodeada del amor de familiares y amigos, tanto que llegu\u00e9 a estar sobreprotegida. Al principio lo ve\u00eda como algo c\u00f3modo y f\u00e1cil, pero con el tiempo entend\u00ed que ten\u00eda un alto costo. Trat\u00e9 de culpar a otros por aquello que yo no estaba dispuesta a cambiar, evitando asumir la responsabilidad de mis acciones.<\/p>\n\n\n\n<p>Mi nombre es Catherine Lynch D., con estudios en Administraci\u00f3n de Empresas, Cosmetolog\u00eda, Derecho y otras \u00e1reas. Muchas personas me preguntaban por qu\u00e9 estudiaba tantas cosas diferentes. Yo respond\u00eda que todo conocimiento es \u00fatil en la vida diaria. Sin embargo, el miedo y la falta de autoconocimiento me paralizaban, y me convert\u00ed en una coleccionista de profesiones con un temperamento vol\u00e1til, ocultando miedo e inseguridad.<\/p>\n\n\n\n<p>El tiempo, tocar fondo y tomar decisiones me llevaron a darme cuenta de que el problema estaba dentro de m\u00ed misma. Alguien una vez me dijo:<br><em>\u201cAl\u00e9jate de aquello que causa conflicto, sin importar qui\u00e9n sea. No busques culpables. Organiza tu interior, y todo a tu alrededor mejorar\u00e1.\u201d<\/em><\/p>\n\n\n\n<p>Y as\u00ed lo hice. Aprend\u00ed que el miedo nos paraliza, nos hace culpar a otros y nos llena de ira: un camino f\u00e1cil, pero el que m\u00e1s da\u00f1o causa.<\/p>\n\n\n\n<p>Reconocer esto es el siguiente paso. Cuando decidimos sanar y ser mejores, comenzamos a encontrar prop\u00f3sito, descubrir fortalezas y aceptar debilidades para poder mejorarlas.<\/p>\n\n\n\n<p>La vida es una oportunidad diaria para cambiar. As\u00ed como las c\u00e9lulas de nuestro cuerpo cambian cada d\u00eda, nosotros tambi\u00e9n debemos trabajar constantemente en nosotros mismos. La frase \u201cyo soy as\u00ed\u201d se convierte en la limitaci\u00f3n m\u00e1s da\u00f1ina.<\/p>\n\n\n\n<p>Nuestras creencias pueden ser nuestra fortaleza o nuestra limitaci\u00f3n.<\/p>\n\n\n\n<p>La est\u00e9tica va m\u00e1s all\u00e1 de la superficialidad. Cuando se utiliza correctamente, puede alimentar la autoestima y el alma. La verdadera belleza viene del interior y se refleja a trav\u00e9s de nuestros ojos y nuestra sonrisa. El maquillaje o la ropa no pueden hacernos verdaderamente hermosos si nosotros mismos no lo creemos.<\/p>\n\n\n\n<p>Dios nos cre\u00f3 con cualidades \u00fanicas. Debemos amarnos primero a nosotros mismos para poder amar a los dem\u00e1s. Esta es la esencia de Belleza Social\n: el equilibrio entre el ser individual y el bienestar colectivo.<\/p>\n\n\n\n<p>No debemos envidiar a los dem\u00e1s, sino mejorar lo que tenemos, utilizando las herramientas que est\u00e1n a nuestro alcance. De esta manera, la sociedad se beneficia en conjunto: la familia, los equipos, las organizaciones y las naciones.<\/p>\n\n\n\n<p>Al unir las piezas del rompecabezas de mi vida, encontr\u00e9 significado en servir a los dem\u00e1s y compartir conocimiento.<\/p>\n\n\n\n<p>La informaci\u00f3n construye conocimiento, pero la transformaci\u00f3n ocurre cuando tomamos acci\u00f3n.<\/p>\n\n\n\n<p>De mi padre aprend\u00ed:<br>No debemos cerrarnos al aprendizaje, pero tampoco permitir que el conocimiento domine nuestro esp\u00edritu. Dios est\u00e1 por encima de toda l\u00f3gica y, a trav\u00e9s de la fe, recibimos lo que necesitamos para alcanzar la felicidad.<\/p>\n\n\n\n<p>Finalmente, entender la vida como un plan estructurado me ayud\u00f3 a definir visi\u00f3n, misi\u00f3n y metas: superar el miedo, asumir responsabilidad, construir un equipo y cumplir un prop\u00f3sito.<\/p>\n\n\n\n<p>As\u00ed, Belleza Social invita a otros a ser parte de una mejor sociedad a trav\u00e9s de los valores y el bien com\u00fan.<\/p>\n\n\n\n<p><\/p>","protected":false},"excerpt":{"rendered":"<p>Belleza Social is an organization registered on August 30, 2013, in the state of Florida, USA. The organization and administration are led by its Executive Director, Catherine Lynch D., who has chosen to share her dream with society: the planting of principles and values in a world that increasingly needs them, contributing to making the [&hellip;]<\/p>\n","protected":false},"author":1,"featured_media":0,"parent":0,"menu_order":0,"comment_status":"closed","ping_status":"closed","template":"","meta":{"footnotes":""},"class_list":["post-12","page","type-page","status-publish","hentry"],"_links":{"self":[{"href":"https:\/\/bellezasocial.com\/es\/wp-json\/wp\/v2\/pages\/12","targetHints":{"allow":["GET"]}}],"collection":[{"href":"https:\/\/bellezasocial.com\/es\/wp-json\/wp\/v2\/pages"}],"about":[{"href":"https:\/\/bellezasocial.com\/es\/wp-json\/wp\/v2\/types\/page"}],"author":[{"embeddable":true,"href":"https:\/\/bellezasocial.com\/es\/wp-json\/wp\/v2\/users\/1"}],"replies":[{"embeddable":true,"href":"https:\/\/bellezasocial.com\/es\/wp-json\/wp\/v2\/comments?post=12"}],"version-history":[{"count":2,"href":"https:\/\/bellezasocial.com\/es\/wp-json\/wp\/v2\/pages\/12\/revisions"}],"predecessor-version":[{"id":18,"href":"https:\/\/bellezasocial.com\/es\/wp-json\/wp\/v2\/pages\/12\/revisions\/18"}],"wp:attachment":[{"href":"https:\/\/bellezasocial.com\/es\/wp-json\/wp\/v2\/media?parent=12"}],"curies":[{"name":"wp","href":"https:\/\/api.w.org\/{rel}","templated":true}]}}