{"id":176,"date":"2026-04-28T01:19:22","date_gmt":"2026-04-28T01:19:22","guid":{"rendered":"https:\/\/cxl.226.mytemp.website\/?page_id=176"},"modified":"2026-05-15T06:05:25","modified_gmt":"2026-05-15T06:05:25","slug":"home-clean","status":"publish","type":"page","link":"https:\/\/bellezasocial.com\/es\/","title":{"rendered":"Bienvenidos a Belleza Social"},"content":{"rendered":"<p class=\"has-text-align-center has-medium-font-size\"><strong>Belleza Social \u2013 Valores que transforman vidas y construyen un mundo mejor.<\/strong><\/p>\n\n\n\n<div class=\"wp-block-media-text has-media-on-the-right is-stacked-on-mobile has-small-font-size\" style=\"border-width:3px;border-top-left-radius:8px;border-top-right-radius:8px;border-bottom-left-radius:8px;border-bottom-right-radius:8px;padding-right:0;padding-left:0;grid-template-columns:auto 55%\"><div class=\"wp-block-media-text__content\">\n<p><\/p>\n\n\n\n<p class=\"has-text-align-center\">Creemos que la verdadera belleza se refleja en nuestras acciones, en nuestros valores y en c\u00f3mo contribuimos a los dem\u00e1s. Belleza Social es una invitaci\u00f3n a vivir con prop\u00f3sito, a crecer como individuos y a ser parte de una mejor sociedad a trav\u00e9s del respeto, la bondad y la integridad.<\/p>\n\n\n\n<p class=\"has-text-align-center\"><strong>\u201cSer bueno es bueno\u201d<\/strong><\/p>\n\n\n\n<p class=\"has-text-align-center\"><\/p>\n<\/div><figure class=\"wp-block-media-text__media\"><img loading=\"lazy\" decoding=\"async\" width=\"1536\" height=\"1024\" src=\"https:\/\/cxl.226.mytemp.website\/wp-content\/uploads\/2026\/04\/FAMILIA-5.png\" alt=\"\" class=\"wp-image-49 size-full\" srcset=\"https:\/\/bellezasocial.com\/wp-content\/uploads\/2026\/04\/FAMILIA-5.png 1536w, https:\/\/bellezasocial.com\/wp-content\/uploads\/2026\/04\/FAMILIA-5-600x400.png 600w, https:\/\/bellezasocial.com\/wp-content\/uploads\/2026\/04\/FAMILIA-5-300x200.png 300w, https:\/\/bellezasocial.com\/wp-content\/uploads\/2026\/04\/FAMILIA-5-1024x683.png 1024w, https:\/\/bellezasocial.com\/wp-content\/uploads\/2026\/04\/FAMILIA-5-768x512.png 768w\" sizes=\"auto, (max-width: 1536px) 100vw, 1536px\" \/><\/figure><\/div>\n\n\n\n<p class=\"light-image\"><\/p>\n\n\n\n<p><\/p>","protected":false},"excerpt":{"rendered":"<p>Social Beauty \u2013 Values that transform lives and build a better world. We believe that true beauty is reflected in our actions, in our values, and in how we contribute to others. Belleza Social is an invitation to live with purpose, to grow as individuals, and to be part of a better society through respect, [&hellip;]<\/p>\n","protected":false},"author":1,"featured_media":0,"parent":0,"menu_order":0,"comment_status":"closed","ping_status":"closed","template":"","meta":{"footnotes":""},"class_list":["post-176","page","type-page","status-publish","hentry"],"_links":{"self":[{"href":"https:\/\/bellezasocial.com\/es\/wp-json\/wp\/v2\/pages\/176","targetHints":{"allow":["GET"]}}],"collection":[{"href":"https:\/\/bellezasocial.com\/es\/wp-json\/wp\/v2\/pages"}],"about":[{"href":"https:\/\/bellezasocial.com\/es\/wp-json\/wp\/v2\/types\/page"}],"author":[{"embeddable":true,"href":"https:\/\/bellezasocial.com\/es\/wp-json\/wp\/v2\/users\/1"}],"replies":[{"embeddable":true,"href":"https:\/\/bellezasocial.com\/es\/wp-json\/wp\/v2\/comments?post=176"}],"version-history":[{"count":8,"href":"https:\/\/bellezasocial.com\/es\/wp-json\/wp\/v2\/pages\/176\/revisions"}],"predecessor-version":[{"id":349,"href":"https:\/\/bellezasocial.com\/es\/wp-json\/wp\/v2\/pages\/176\/revisions\/349"}],"wp:attachment":[{"href":"https:\/\/bellezasocial.com\/es\/wp-json\/wp\/v2\/media?parent=176"}],"curies":[{"name":"wp","href":"https:\/\/api.w.org\/{rel}","templated":true}]}}