{"id":292,"date":"2026-05-11T15:57:25","date_gmt":"2026-05-11T15:57:25","guid":{"rendered":"https:\/\/cxl.226.mytemp.website\/?post_type=product&#038;p=292"},"modified":"2026-05-12T03:29:34","modified_gmt":"2026-05-12T03:29:34","slug":"sweet-dreams-soap-box","status":"publish","type":"product","link":"https:\/\/bellezasocial.com\/es\/product\/sweet-dreams-soap-box\/","title":{"rendered":"Caja de Jabones \u201cSweet Dreams\u201d"},"content":{"rendered":"<p>Encantadora caja de jabones Belleza Social con una colorida variedad de jabones decorativos y art\u00edculos de ba\u00f1o.<\/p>\n<p>Dise\u00f1ada para inspirar relajaci\u00f3n, belleza y energ\u00eda positiva en cada momento de cuidado personal.<\/p>\n<p>\u2022 Presentaci\u00f3n colorida y art\u00edstica<br \/>\n\u2022 Perfecto para regalos y momentos de spa<br \/>\n\u2022 Colecci\u00f3n decorativa y relajante<br \/>\n\u2022 Elegante experiencia de cuidado personal<br \/>\n\u2022 Inspirado en el esp\u00edritu de Belleza Social<\/p>","protected":false},"excerpt":{"rendered":"<p>Colorida colecci\u00f3n de jabones bellamente presentada para regalos, relajaci\u00f3n y momentos de cuidado personal<\/p>","protected":false},"featured_media":293,"comment_status":"open","ping_status":"closed","template":"","meta":{"_kad_post_transparent":"default","_kad_post_title":"","_kad_post_layout":"default","_kad_post_sidebar_id":"","_kad_post_content_style":"default","_kad_post_vertical_padding":"default","_kad_post_feature":"","_kad_post_feature_position":"","_kad_post_header":false,"_kad_post_footer":false,"_kad_post_classname":""},"product_brand":[33],"product_cat":[44],"product_tag":[54,46,24,56,55,47,45],"class_list":{"0":"post-292","1":"product","2":"type-product","3":"status-publish","4":"has-post-thumbnail","6":"product_brand-belleza-social","7":"product_cat-soap","8":"product_tag-bath-set","9":"product_tag-beauty","10":"product_tag-belleza-social","11":"product_tag-colorful-soap","12":"product_tag-gift-box","13":"product_tag-self-care","14":"product_tag-soap","16":"first","17":"instock","18":"shipping-taxable","19":"purchasable","20":"product-type-simple","21":"entry","22":"content-bg","23":"loop-entry"},"_links":{"self":[{"href":"https:\/\/bellezasocial.com\/es\/wp-json\/wp\/v2\/product\/292","targetHints":{"allow":["GET"]}}],"collection":[{"href":"https:\/\/bellezasocial.com\/es\/wp-json\/wp\/v2\/product"}],"about":[{"href":"https:\/\/bellezasocial.com\/es\/wp-json\/wp\/v2\/types\/product"}],"replies":[{"embeddable":true,"href":"https:\/\/bellezasocial.com\/es\/wp-json\/wp\/v2\/comments?post=292"}],"wp:featuredmedia":[{"embeddable":true,"href":"https:\/\/bellezasocial.com\/es\/wp-json\/wp\/v2\/media\/293"}],"wp:attachment":[{"href":"https:\/\/bellezasocial.com\/es\/wp-json\/wp\/v2\/media?parent=292"}],"wp:term":[{"taxonomy":"product_brand","embeddable":true,"href":"https:\/\/bellezasocial.com\/es\/wp-json\/wp\/v2\/product_brand?post=292"},{"taxonomy":"product_cat","embeddable":true,"href":"https:\/\/bellezasocial.com\/es\/wp-json\/wp\/v2\/product_cat?post=292"},{"taxonomy":"product_tag","embeddable":true,"href":"https:\/\/bellezasocial.com\/es\/wp-json\/wp\/v2\/product_tag?post=292"}],"curies":[{"name":"wp","href":"https:\/\/api.w.org\/{rel}","templated":true}]}}