{"id":299,"date":"2026-05-11T17:20:49","date_gmt":"2026-05-11T17:20:49","guid":{"rendered":"https:\/\/cxl.226.mytemp.website\/?post_type=product&#038;p=299"},"modified":"2026-05-13T06:43:31","modified_gmt":"2026-05-13T06:43:31","slug":"inspirational-bracelets-collection","status":"publish","type":"product","link":"https:\/\/bellezasocial.com\/es\/product\/inspirational-bracelets-collection\/","title":{"rendered":"Colecci\u00f3n de Pulseras Inspiradoras"},"content":{"rendered":"<p>Hermosa colecci\u00f3n de pulseras de Belleza Social dise\u00f1ada para inspirar positividad, confianza, paz y crecimiento personal.<\/p>\n<p>Con coloridas y elegantes pulseras con mensajes inspiradores como:<\/p>\n<p>\u2022 \u00c9xito<br \/>\n\u2022 Ser Bueno es Bueno<br \/>\n\u2022 Belleza Social<br \/>\n\u2022 Energ\u00eda Positiva<br \/>\n\u2022 Amor<br \/>\n\u2022 Paz<\/p>\n<p>y otras expresiones significativas creadas para inspirar amabilidad, motivaci\u00f3n y autoexpresi\u00f3n.<\/p>\n<p>\u2022 Dise\u00f1os inspiradores y art\u00edsticos<br \/>\n\u2022 Estilo elegante y moderno<br \/>\n\u2022 Livianas y c\u00f3modas<br \/>\n\u2022 Perfectas para regalos y autoexpresi\u00f3n<br \/>\n\u2022 Colecci\u00f3n \u00fanica de Belleza Social<\/p>","protected":false},"excerpt":{"rendered":"<p>Elegante colecci\u00f3n de pulseras con palabras inspiradoras, dise\u00f1os art\u00edsticos y energ\u00eda positiva.<\/p>","protected":false},"featured_media":306,"comment_status":"open","ping_status":"closed","template":"","meta":{"_kad_post_transparent":"default","_kad_post_title":"","_kad_post_layout":"default","_kad_post_sidebar_id":"","_kad_post_content_style":"default","_kad_post_vertical_padding":"default","_kad_post_feature":"","_kad_post_feature_position":"","_kad_post_header":false,"_kad_post_footer":false,"_kad_post_classname":""},"product_brand":[33],"product_cat":[20],"product_tag":[26,24,61,25,62,41,63],"class_list":{"0":"post-299","1":"product","2":"type-product","3":"status-publish","4":"has-post-thumbnail","6":"product_brand-belleza-social","7":"product_cat-accessories","8":"product_tag-accessories","9":"product_tag-belleza-social","10":"product_tag-bracelets","11":"product_tag-fashion","12":"product_tag-inspirational","13":"product_tag-jewelry","14":"product_tag-positive-energy","16":"first","17":"instock","18":"shipping-taxable","19":"purchasable","20":"product-type-simple","21":"entry","22":"content-bg","23":"loop-entry"},"_links":{"self":[{"href":"https:\/\/bellezasocial.com\/es\/wp-json\/wp\/v2\/product\/299","targetHints":{"allow":["GET"]}}],"collection":[{"href":"https:\/\/bellezasocial.com\/es\/wp-json\/wp\/v2\/product"}],"about":[{"href":"https:\/\/bellezasocial.com\/es\/wp-json\/wp\/v2\/types\/product"}],"replies":[{"embeddable":true,"href":"https:\/\/bellezasocial.com\/es\/wp-json\/wp\/v2\/comments?post=299"}],"wp:featuredmedia":[{"embeddable":true,"href":"https:\/\/bellezasocial.com\/es\/wp-json\/wp\/v2\/media\/306"}],"wp:attachment":[{"href":"https:\/\/bellezasocial.com\/es\/wp-json\/wp\/v2\/media?parent=299"}],"wp:term":[{"taxonomy":"product_brand","embeddable":true,"href":"https:\/\/bellezasocial.com\/es\/wp-json\/wp\/v2\/product_brand?post=299"},{"taxonomy":"product_cat","embeddable":true,"href":"https:\/\/bellezasocial.com\/es\/wp-json\/wp\/v2\/product_cat?post=299"},{"taxonomy":"product_tag","embeddable":true,"href":"https:\/\/bellezasocial.com\/es\/wp-json\/wp\/v2\/product_tag?post=299"}],"curies":[{"name":"wp","href":"https:\/\/api.w.org\/{rel}","templated":true}]}}